{"id":102,"date":"2013-05-16T17:01:18","date_gmt":"2013-05-16T15:01:18","guid":{"rendered":"http:\/\/www.theaterverein-bubach.de\/wordpress\/?page_id=102"},"modified":"2023-05-03T08:00:35","modified_gmt":"2023-05-03T06:00:35","slug":"erwachsenengruppe","status":"publish","type":"page","link":"http:\/\/www.theaterverein-bubach.de\/wordpress\/unser-verein\/erwachsenengruppe\/","title":{"rendered":"Erwachsenengruppe"},"content":{"rendered":"<div class='short-columns column-34 '><\/p>\n<p>Traditionell f\u00fchrt die Erwachsenengruppe im Herbst eine Kom\u00f6die auf und unterst\u00fctzt ansonsten die Kinder- und Jugendgruppe bei ihren mannigfaltigen Aktivit\u00e4ten mit Rat und Tat (Zeltlager, Weihnachtsm\u00e4rchen etc.).<\/p>\n<p>Falls Sie Mitglied in unserem Verein werden wollen, finden Sie hier unsere&nbsp;<a title=\"Beitrittserkl\u00e4rung\" href=\"http:\/\/www.theaterverein-bubach.de\/wordpress\/kontakt\/beitrittserklarung\/\">Beitrittserkl\u00e4rung<\/a>.<br \/>\nSchicken Sie diese bitte ausgef\u00fcllt und unterschrieben an:<\/p>\n<p>Sabine Muno<br \/>\nIn Macherbach 1<br \/>\n66571 Eppelborn<\/p>\n<p><\/div>\n","protected":false},"excerpt":{"rendered":"","protected":false},"author":1,"featured_media":0,"parent":85,"menu_order":0,"comment_status":"closed","ping_status":"closed","template":"template-onecolumn.php","meta":{"ngg_post_thumbnail":0},"_links":{"self":[{"href":"http:\/\/www.theaterverein-bubach.de\/wordpress\/wp-json\/wp\/v2\/pages\/102"}],"collection":[{"href":"http:\/\/www.theaterverein-bubach.de\/wordpress\/wp-json\/wp\/v2\/pages"}],"about":[{"href":"http:\/\/www.theaterverein-bubach.de\/wordpress\/wp-json\/wp\/v2\/types\/page"}],"author":[{"embeddable":true,"href":"http:\/\/www.theaterverein-bubach.de\/wordpress\/wp-json\/wp\/v2\/users\/1"}],"replies":[{"embeddable":true,"href":"http:\/\/www.theaterverein-bubach.de\/wordpress\/wp-json\/wp\/v2\/comments?post=102"}],"version-history":[{"count":17,"href":"http:\/\/www.theaterverein-bubach.de\/wordpress\/wp-json\/wp\/v2\/pages\/102\/revisions"}],"predecessor-version":[{"id":6628,"href":"http:\/\/www.theaterverein-bubach.de\/wordpress\/wp-json\/wp\/v2\/pages\/102\/revisions\/6628"}],"up":[{"embeddable":true,"href":"http:\/\/www.theaterverein-bubach.de\/wordpress\/wp-json\/wp\/v2\/pages\/85"}],"wp:attachment":[{"href":"http:\/\/www.theaterverein-bubach.de\/wordpress\/wp-json\/wp\/v2\/media?parent=102"}],"curies":[{"name":"wp","href":"https:\/\/api.w.org\/{rel}","templated":true}]}}