{"id":134,"date":"2013-05-16T20:09:22","date_gmt":"2013-05-16T18:09:22","guid":{"rendered":"http:\/\/www.theaterverein-bubach.de\/wordpress\/?page_id=134"},"modified":"2025-04-28T15:20:19","modified_gmt":"2025-04-28T13:20:19","slug":"kinder-und-jugendgruppe","status":"publish","type":"page","link":"http:\/\/www.theaterverein-bubach.de\/wordpress\/unser-verein\/kinder-und-jugendgruppe\/","title":{"rendered":"Kinder- und Jugendgruppe"},"content":{"rendered":"<div class='short-columns column-34 '><\/p>\n<p>Unsere Kinder und Jugendgruppe ist in zwei Untergruppen aufgeteilt die nach Alter gestaffelt sind, damit auch dem Alter entsprechend mit den Kinder und Jugendlichen gearbeitet werden kann.<\/p>\n<p>Die Gruppen teilen sich wie folgt auf:<\/p>\n<p>12 bis 18 Jahre:&nbsp;unsere &#8222;Gro\u00dfen&#8220;<br \/>\nbis 12 Jahre: unsere kleinen Schauspieler<\/p>\n<p>Abgesehen von den regelm\u00e4\u00dfig stattfindenden Gruppenstunden nehmen unsere Kinder und Jugendlichen an vielen Saarland- und auch Bundesweiten Schulungsma\u00dfnahmen teil. Traditionell wird auch das allj\u00e4hrliche Weihnachtsm\u00e4rchen von Akteuren aus der Kinder und Jugendgruppe einstudiert und aufgef\u00fchrt.<\/p>\n<p>Falls Sie oder Ihre Kinder Mitglied in unserem Verein werden wollen, finden Sie hier unsere <a title=\"Beitrittserkl\u00e4rung\" href=\"http:\/\/www.theaterverein-bubach.de\/wordpress\/wp-content\/uploads\/2017\/05\/TVB_Mitgliedsantrag-mit-Einwilligung_Artikel_7_DSGVO_inkl-Informationspflicht.pdf\">Beitrittserkl\u00e4rung<\/a>.<br \/>\nSchicken Sie diese bitte ausgef\u00fcllt und unterschrieben an:<\/p>\n<p>Giosu\u00e8 Di Natali<br \/>\nAm Weiher 1<br \/>\n66265 Heusweiler<\/p>\n<p><\/div>\n<p><div class='multi-colum'><\/div><div class='short-columns column-14 '><\/p>\n<p><a href=\"http:\/\/www.theaterverein-bubach.de\/wordpress\/wp-content\/uploads\/2013\/06\/dsc0573_520.jpg\"><img decoding=\"async\" loading=\"lazy\" src=\"http:\/\/www.theaterverein-bubach.de\/wordpress\/wp-content\/uploads\/2013\/06\/dsc0573_520-300x199.jpg\" alt=\"dsc0573_520\" width=\"300\" height=\"199\"><\/a><\/p>\n<p>Alle bei der Weihnachtsfeier 2007<\/p>\n<p><\/div><\/p>\n","protected":false},"excerpt":{"rendered":"","protected":false},"author":1,"featured_media":687,"parent":85,"menu_order":0,"comment_status":"closed","ping_status":"closed","template":"template-onecolumn.php","meta":{"ngg_post_thumbnail":0},"_links":{"self":[{"href":"http:\/\/www.theaterverein-bubach.de\/wordpress\/wp-json\/wp\/v2\/pages\/134"}],"collection":[{"href":"http:\/\/www.theaterverein-bubach.de\/wordpress\/wp-json\/wp\/v2\/pages"}],"about":[{"href":"http:\/\/www.theaterverein-bubach.de\/wordpress\/wp-json\/wp\/v2\/types\/page"}],"author":[{"embeddable":true,"href":"http:\/\/www.theaterverein-bubach.de\/wordpress\/wp-json\/wp\/v2\/users\/1"}],"replies":[{"embeddable":true,"href":"http:\/\/www.theaterverein-bubach.de\/wordpress\/wp-json\/wp\/v2\/comments?post=134"}],"version-history":[{"count":22,"href":"http:\/\/www.theaterverein-bubach.de\/wordpress\/wp-json\/wp\/v2\/pages\/134\/revisions"}],"predecessor-version":[{"id":7201,"href":"http:\/\/www.theaterverein-bubach.de\/wordpress\/wp-json\/wp\/v2\/pages\/134\/revisions\/7201"}],"up":[{"embeddable":true,"href":"http:\/\/www.theaterverein-bubach.de\/wordpress\/wp-json\/wp\/v2\/pages\/85"}],"wp:featuredmedia":[{"embeddable":true,"href":"http:\/\/www.theaterverein-bubach.de\/wordpress\/wp-json\/wp\/v2\/media\/687"}],"wp:attachment":[{"href":"http:\/\/www.theaterverein-bubach.de\/wordpress\/wp-json\/wp\/v2\/media?parent=134"}],"curies":[{"name":"wp","href":"https:\/\/api.w.org\/{rel}","templated":true}]}}