{"id":166,"date":"2013-05-16T20:29:23","date_gmt":"2013-05-16T18:29:23","guid":{"rendered":"http:\/\/www.theaterverein-bubach.de\/wordpress\/?page_id=166"},"modified":"2025-07-11T12:32:46","modified_gmt":"2025-07-11T10:32:46","slug":"beitrittserklarung","status":"publish","type":"page","link":"http:\/\/www.theaterverein-bubach.de\/wordpress\/kontakt\/beitrittserklarung\/","title":{"rendered":"Beitrittserkl\u00e4rung"},"content":{"rendered":"<p><div class='multi-colum'><\/div><div class='short-columns column-23 '><\/p>\n<p style=\"text-align: justify;\"><span style=\"text-align: justify;\">M\u00f6chten Sie oder Ihr(e) Kind(er) Mitglied in unserem Verein werden und selbst einmal auf der B\u00fchne stehen oder uns einfach bei unseren vielf\u00e4ltigen Projekten und Aktivit\u00e4ten unterst\u00fctzen freuen wir uns \u00fcber Ihre <a href=\"http:\/\/www.theaterverein-bubach.de\/wordpress\/wp-content\/uploads\/2017\/05\/TVB_Mitgliedsantrag.pdf\">Beitrittserkl\u00e4rung<\/a><\/span><span style=\"text-align: justify;\">.<br \/>\n<\/span><\/p>\n<p style=\"text-align: justify;\">Der j\u00e4hrliche Mitgliedsbeitrag betr\u00e4gt aktuell 12 \u20ac f\u00fcr Erwachsene und 6 \u20ac f\u00fcr Kinder.&nbsp;&nbsp;Wenn Sie weitere Fragen haben, senden Sie uns einfach eine <a title=\"E-Mail an uns\" href=\"http:\/\/www.theaterverein-bubach.de\/wordpress\/kontakt\/e-mail-an-uns\/\">Nachricht&nbsp;per Email<\/a>.<\/p>\n<p style=\"text-align: justify;\">Sie k\u00f6nnen die <a href=\"http:\/\/www.theaterverein-bubach.de\/wordpress\/wp-content\/uploads\/2017\/05\/TVB_Mitgliedsantrag.pdf\">Beitrittserkl\u00e4rung<\/a> ausdrucken und ausgef\u00fcllt und unterschrieben zusenden an:<\/p>\n<p><strong>&nbsp; &nbsp; &nbsp; &nbsp;Giosu\u00e8 Di Natali<\/strong><br \/>\n<strong>&nbsp; &nbsp; &nbsp; &nbsp;Am Weiher 1<\/strong><br \/>\n<strong>&nbsp; &nbsp; &nbsp; &nbsp;66265 Heusweiler<\/strong><\/p>\n<p>Wir freuen uns \u00fcber Ihr Interesse!<\/p>\n<p><\/div><\/p>\n","protected":false},"excerpt":{"rendered":"","protected":false},"author":1,"featured_media":0,"parent":94,"menu_order":0,"comment_status":"closed","ping_status":"open","template":"template-onecolumn.php","meta":{"ngg_post_thumbnail":0},"_links":{"self":[{"href":"http:\/\/www.theaterverein-bubach.de\/wordpress\/wp-json\/wp\/v2\/pages\/166"}],"collection":[{"href":"http:\/\/www.theaterverein-bubach.de\/wordpress\/wp-json\/wp\/v2\/pages"}],"about":[{"href":"http:\/\/www.theaterverein-bubach.de\/wordpress\/wp-json\/wp\/v2\/types\/page"}],"author":[{"embeddable":true,"href":"http:\/\/www.theaterverein-bubach.de\/wordpress\/wp-json\/wp\/v2\/users\/1"}],"replies":[{"embeddable":true,"href":"http:\/\/www.theaterverein-bubach.de\/wordpress\/wp-json\/wp\/v2\/comments?post=166"}],"version-history":[{"count":27,"href":"http:\/\/www.theaterverein-bubach.de\/wordpress\/wp-json\/wp\/v2\/pages\/166\/revisions"}],"predecessor-version":[{"id":7209,"href":"http:\/\/www.theaterverein-bubach.de\/wordpress\/wp-json\/wp\/v2\/pages\/166\/revisions\/7209"}],"up":[{"embeddable":true,"href":"http:\/\/www.theaterverein-bubach.de\/wordpress\/wp-json\/wp\/v2\/pages\/94"}],"wp:attachment":[{"href":"http:\/\/www.theaterverein-bubach.de\/wordpress\/wp-json\/wp\/v2\/media?parent=166"}],"curies":[{"name":"wp","href":"https:\/\/api.w.org\/{rel}","templated":true}]}}