{"id":4172,"date":"2018-05-25T10:11:14","date_gmt":"2018-05-25T08:11:14","guid":{"rendered":"http:\/\/www.theaterverein-bubach.de\/wordpress\/?page_id=4172"},"modified":"2018-06-18T15:07:17","modified_gmt":"2018-06-18T13:07:17","slug":"datenschutzerklaerung","status":"publish","type":"page","link":"http:\/\/www.theaterverein-bubach.de\/wordpress\/datenschutzerklaerung\/","title":{"rendered":"Datenschutzerkl\u00e4rung"},"content":{"rendered":"<p><span style=\"color: #000000;\"><strong><span style=\"margin: 0px; font-family: 'Arial','sans-serif';\">Stand:<\/span><\/strong><span style=\"font-family: Arial;\"> Mai 2018<\/span><\/span><\/p>\n<p><span style=\"color: #000000;\"><strong><span style=\"margin: 0px; font-family: 'Arial','sans-serif';\">Unternehmen:<\/span><\/strong><span style=\"font-family: Arial;\"> Theaterverein-Bubach e.V.<br \/>\n<\/span> <strong><span style=\"margin: 0px; font-family: 'Arial','sans-serif';\">Gesetzlicher Vertreter:<\/span><\/strong><span style=\"font-family: Arial;\"> Vorsitzende\/r<\/span><\/span><\/p>\n<p><span style=\"color: #000000;\"><strong><span style=\"margin: 0px; font-family: 'Arial','sans-serif';\">Datenschutzkoordinator:<\/span><\/strong><span style=\"font-family: Arial;\"><a href=\"mailto:datenschutz@theaterverein-bubach.de\"> datenschutz@theaterverein-bubach.de<\/a>&nbsp;<\/span><\/span><\/p>\n<p><span style=\"color: #000000; font-family: Arial;\">&nbsp;<\/span><span style=\"color: #000000; font-family: Arial;\">Der Theaterverein-Bubach e.V. (nachfolgend &#8222;TVB&#8220;, &#8222;wir&#8220; oder &#8222;uns&#8220;) respektiert die Privatsph\u00e4re der Nutzer (nachfolgend&#8220; Nutzer&#8220;, &#8222;Sie&#8220; oder &#8222;Ihnen&#8220;) seiner Internetpr\u00e4senz und hat sich deren Schutz bei allen Aktivit\u00e4ten im Internet zum obersten Gebot gemacht. Das bedeutet: TVB verpflichtet sich, die von den Nutzern bereitgestellten Informationen jederzeit mit gr\u00f6\u00dfter Sorgfalt und gr\u00f6\u00dftem Verantwortungsgef\u00fchl zu behandeln. Dies betrifft auch und insbesondere die Zusammenarbeit mit Partnern und Dritten. TVB \u00fcbernimmt jedoch keine Haftung f\u00fcr Dritte, soweit dies nicht gesondert erkl\u00e4rt wird.<\/span><\/p>\n<p><span style=\"color: #000000; font-family: Arial;\">Zum Schutz der von TVB verwalteten personenbezogenen Daten gegen zuf\u00e4llige bzw. vors\u00e4tzliche Manipulationen, Verlust, Zerst\u00f6rung oder vor dem Zugriff unberechtigter Personen setzt TVB modernste technische und organisatorische Sicherheitsma\u00dfnahmen ein, die kontinuierlich verbessert werden.<\/span><\/p>\n<h2><span style=\"color: #000000;\"><b><span style=\"font-family: Arial; font-size: large;\">1.1<\/span><\/b><span style=\"font: 7pt 'Times New Roman'; margin: 0px; font-size-adjust: none; font-stretch: normal;\">&nbsp;&nbsp;&nbsp;&nbsp;&nbsp; <\/span><\/span><b><span style=\"font-family: Arial; font-size: large;\">Erhebung, Verarbeitung und Nutzung personenbezogener Daten sowie Zweckbindung<\/span><\/b><\/h2>\n<p><span style=\"color: #000000; font-family: Arial;\">TVB erhebt, speichert und verarbeitet personenbezogene Daten ausschlie\u00dflich nach den geltenden gesetzlichen Bestimmungen und soweit dies zur Erf\u00fcllung der vertraglichen Beziehungen zwischen TVB und dem Nutzer bzw. zur Bereitstellung der angeforderten Angebote notwendig und erforderlich ist.<\/span><\/p>\n<p><span style=\"color: #000000; font-family: Arial;\">Personenbezogene Daten sind alle Daten, die einer bestimmten oder einer bestimmbaren Person zugeordnet werden k\u00f6nnen, wie etwa der Name einer Person, die IP-Adresse, aber auch andere Angaben, wenn sich hieraus eine Person bestimmen l\u00e4sst.<\/span><\/p>\n<p><span style=\"color: #000000; font-family: Arial;\">Werden Anfragen an TVB \u00fcber das auf der Webseite implementierte Kontaktformular gesendet, so werden die dort angegebenen Daten gespeichert und zum Zwecke der Bearbeitung und Beantwortung der Anfrage des Nutzers verwendet.<\/span><\/p>\n<p><span style=\"color: #000000; font-family: Arial;\">Sofern der Nutzer Eintr\u00e4ge ins G\u00e4stebuch macht, werden die personenbezogenen Daten f\u00fcr keine weiteren Zwecke als die Sichtung und Ver\u00f6ffentlichung der Eintr\u00e4ge im \u00f6ffentlichen G\u00e4stebuch verwendet.<\/span><\/p>\n<p><span style=\"color: #000000; font-family: Arial;\">TVB weist darauf hin, dass Personen unter 18 Jahren ohne Einwilligung der Erziehungsberechtigten keine personenbezogenen Daten an TVB \u00fcbermitteln sollen. Solche Daten von Minderj\u00e4hrigen werden wissentlich nicht angefordert, gesammelt, weitergegeben oder auf sonstige Weise genutzt.<\/span><\/p>\n<h2><span style=\"color: #000000;\"><b><span style=\"font-family: Arial; font-size: large;\">1.2<\/span><\/b><span style=\"font: 7pt 'Times New Roman'; margin: 0px; font-size-adjust: none; font-stretch: normal;\">&nbsp;&nbsp;&nbsp;&nbsp;&nbsp; <\/span><\/span><b><span style=\"font-family: Arial; font-size: large;\">Auskunfts- und Widerspruchsrecht<\/span><\/b><\/h2>\n<p><span style=\"color: #000000; font-family: Arial;\">Auf Anforderung informiert TVB den Nutzer unverz\u00fcglich jederzeit schriftlich dar\u00fcber, ob und wenn ja, welche pers\u00f6nlichen Daten \u00fcber den Nutzer bei TVB gespeichert sind. Der Nutzer kann jederzeit L\u00f6schung, Sperrung oder Berichtigung seiner personenbezogenen Daten verlangen.<\/span><\/p>\n<p><span style=\"color: #000000; font-family: Arial;\">Der Nutzer kann der Speicherung und Verwendung der erhobenen und gespeicherten Daten jederzeit ohne Angabe von Gr\u00fcnden per E-Mail an die Adresse <a href=\"mailto:datenschutz@theaterverein-bubach.de\">datenschutz@theaterverein-bubach.de<\/a>&nbsp; widersprechen. Dies kann allerdings dazu f\u00fchren, dass TVB zur Erf\u00fcllung ihrer satzungsgem\u00e4\u00dfen Aufgaben nicht mehr in der Lage ist.<\/span><\/p>\n<p><span style=\"color: #000000; font-family: Arial;\">Der Nutzer kann Einwilligungen jederzeit mit Wirkung f\u00fcr die Zukunft gegen\u00fcber dem Theaterverein-Bubach e.V., &nbsp;E-Mail-Adresse: <a href=\"mailto:datenschutz@theaterverein-bubach.de\">datenschutz@theaterverein-bubach.de<\/a>&nbsp;, widerrufen.<\/span><\/p>\n<h2><span style=\"color: #000000;\"><b><span style=\"font-family: Arial; font-size: large;\">1.3<\/span><\/b><span style=\"font: 7pt 'Times New Roman'; margin: 0px; font-size-adjust: none; font-stretch: normal;\">&nbsp;&nbsp;&nbsp;&nbsp;&nbsp; <\/span><\/span><b><span style=\"font-family: Arial; font-size: large;\">Zugriffsdaten<\/span><\/b><\/h2>\n<p><span style=\"color: #000000; font-family: Arial;\">TVB, der Webseitenbetreiber bzw. Seitenprovider erhebt Daten \u00fcber Zugriffe auf die Seite und speichert diese als &#8222;Server-Logfiles&#8220; ab. Folgende Daten werden so protokolliert:<\/span><\/p>\n<p><span style=\"color: #000000; font-family: Arial;\">Besuchte Website<\/span><\/p>\n<ul type=\"disc\">\n<li style=\"margin: 0px; font-family: 'Arial','sans-serif'; font-size: 12pt; font-style: normal; font-weight: normal;\"><span style=\"color: #000000; font-family: Arial;\">Uhrzeit zum Zeitpunkt des Zugriffes<\/span><\/li>\n<li style=\"margin: 0px; font-family: 'Arial','sans-serif'; font-size: 12pt; font-style: normal; font-weight: normal;\"><span style=\"color: #000000; font-family: Arial;\">Menge der gesendeten Daten in Byte<\/span><\/li>\n<li style=\"margin: 0px; font-family: 'Arial','sans-serif'; font-size: 12pt; font-style: normal; font-weight: normal;\"><span style=\"color: #000000; font-family: Arial;\">Quelle\/Verweis, von welchem Sie auf die Seite gelangten<\/span><\/li>\n<li style=\"margin: 0px; font-family: 'Arial','sans-serif'; font-size: 12pt; font-style: normal; font-weight: normal;\"><span style=\"color: #000000; font-family: Arial;\">Verwendeter Browser und -version<\/span><\/li>\n<li style=\"margin: 0px; font-family: 'Arial','sans-serif'; font-size: 12pt; font-style: normal; font-weight: normal;\"><span style=\"color: #000000; font-family: Arial;\">Verwendetes Betriebssystem<\/span><\/li>\n<li style=\"margin: 0px; font-family: 'Arial','sans-serif'; font-size: 12pt; font-style: normal; font-weight: normal;\"><span style=\"color: #000000; font-family: Arial;\">Verwendete IP-Adresse<\/span><\/li>\n<\/ul>\n<p><span style=\"color: #000000; font-family: Arial;\">Die erhobenen Daten dienen lediglich statistischen Auswertungen und zur Verbesserung der Website. TVB\/der Webseitenbetreiber beh\u00e4lt sich allerdings vor, die Server-Logfiles nachtr\u00e4glich zu \u00fcberpr\u00fcfen, sollten konkrete Anhaltspunkte auf eine rechtswidrige Nutzung hinweisen.<\/span><\/p>\n<p><a href=\"http:\/\/www.theaterverein-bubach.de\/wordpress\/wp-content\/uploads\/2017\/05\/TVB_Informationspflichten_Art_13_14_DSGVO_20180403.pdf\">Link zu den Informationspflichten nach Artikel 13 und 14 DSGVO<\/a><\/p>\n<p>&nbsp;<\/p>\n<p>&nbsp;<\/p>\n","protected":false},"excerpt":{"rendered":"<p><strong>Stand:<\/strong> Mai 2018<\/p>\n<p><strong>Unternehmen:<\/strong> Theaterverein-Bubach e.V.<br \/> <strong>Gesetzlicher Vertreter:<\/strong> Vorsitzende\/r<\/p>\n<p><strong>Datenschutzkoordinator:<\/strong><a href=\"mailto:datenschutz@theaterverein-bubach.de\"> datenschutz@theaterverein-bubach.de<\/a>&nbsp;<\/p>\n<p>&nbsp;Der Theaterverein-Bubach e.V. (nachfolgend &#8222;TVB&#8220;, &#8222;wir&#8220; oder &#8222;uns&#8220;) respektiert die Privatsph\u00e4re der Nutzer (nachfolgend&#8220; Nutzer&#8220;, &#8222;Sie&#8220; oder &#8222;Ihnen&#8220;) seiner Internetpr\u00e4senz und hat sich deren Schutz bei allen Aktivit\u00e4ten im Internet zum obersten Gebot gemacht. Das bedeutet: TVB  \u2026 <a href=\"http:\/\/www.theaterverein-bubach.de\/wordpress\/datenschutzerklaerung\/\">weiterlesen&#8230; <span class=\"meta-nav\">&rarr; <\/span><\/a><\/p>\n","protected":false},"author":3,"featured_media":0,"parent":0,"menu_order":0,"comment_status":"closed","ping_status":"closed","template":"","meta":{"ngg_post_thumbnail":0},"_links":{"self":[{"href":"http:\/\/www.theaterverein-bubach.de\/wordpress\/wp-json\/wp\/v2\/pages\/4172"}],"collection":[{"href":"http:\/\/www.theaterverein-bubach.de\/wordpress\/wp-json\/wp\/v2\/pages"}],"about":[{"href":"http:\/\/www.theaterverein-bubach.de\/wordpress\/wp-json\/wp\/v2\/types\/page"}],"author":[{"embeddable":true,"href":"http:\/\/www.theaterverein-bubach.de\/wordpress\/wp-json\/wp\/v2\/users\/3"}],"replies":[{"embeddable":true,"href":"http:\/\/www.theaterverein-bubach.de\/wordpress\/wp-json\/wp\/v2\/comments?post=4172"}],"version-history":[{"count":7,"href":"http:\/\/www.theaterverein-bubach.de\/wordpress\/wp-json\/wp\/v2\/pages\/4172\/revisions"}],"predecessor-version":[{"id":4189,"href":"http:\/\/www.theaterverein-bubach.de\/wordpress\/wp-json\/wp\/v2\/pages\/4172\/revisions\/4189"}],"wp:attachment":[{"href":"http:\/\/www.theaterverein-bubach.de\/wordpress\/wp-json\/wp\/v2\/media?parent=4172"}],"curies":[{"name":"wp","href":"https:\/\/api.w.org\/{rel}","templated":true}]}}